{"id":6470,"date":"2026-02-17T14:20:53","date_gmt":"2026-02-17T14:20:53","guid":{"rendered":"https:\/\/bosfor.ba\/?page_id=6470"},"modified":"2026-03-10T08:07:31","modified_gmt":"2026-03-10T08:07:31","slug":"veranda","status":"publish","type":"page","link":"https:\/\/bosfor.ba\/de\/veranda\/","title":{"rendered":"Veranda"},"content":{"rendered":"<p><div class=\"fusion-fullwidth fullwidth-box fusion-builder-row-1 fusion-flex-container has-pattern-background has-mask-background nonhundred-percent-fullwidth non-hundred-percent-height-scrolling\" style=\"--awb-border-radius-top-left:0px;--awb-border-radius-top-right:0px;--awb-border-radius-bottom-right:0px;--awb-border-radius-bottom-left:0px;--awb-flex-wrap:wrap;\" ><div class=\"fusion-builder-row fusion-row fusion-flex-align-items-stretch fusion-flex-content-wrap\" style=\"max-width:1216.8px;margin-left: calc(-4% \/ 2 );margin-right: calc(-4% \/ 2 );\"><div class=\"fusion-layout-column fusion_builder_column fusion-builder-column-0 fusion_builder_column_1_2 1_2 fusion-flex-column fusion-flex-align-self-stretch\" style=\"--awb-bg-size:cover;--awb-width-large:50%;--awb-margin-top-large:0px;--awb-spacing-right-large:3.84%;--awb-margin-bottom-large:20px;--awb-spacing-left-large:3.84%;--awb-width-medium:100%;--awb-order-medium:0;--awb-spacing-right-medium:1.92%;--awb-spacing-left-medium:1.92%;--awb-width-small:100%;--awb-order-small:0;--awb-spacing-right-small:1.92%;--awb-spacing-left-small:1.92%;\"><div class=\"fusion-column-wrapper fusion-column-has-shadow fusion-flex-justify-content-space-between fusion-content-layout-column\"><div class=\"fusion-title title fusion-title-1 fusion-title-text fusion-title-size-one\" style=\"--awb-text-color:var(--awb-color3);\"><div class=\"title-sep-container title-sep-container-left fusion-no-large-visibility fusion-no-medium-visibility fusion-no-small-visibility\"><div class=\"title-sep sep- sep-solid\" style=\"border-color:var(--awb-color3);\"><\/div><\/div><span class=\"awb-title-spacer fusion-no-large-visibility fusion-no-medium-visibility fusion-no-small-visibility\"><\/span><h1 class=\"fusion-title-heading title-heading-left fusion-responsive-typography-calculated\" style=\"font-family:&quot;Montserrat&quot;;font-style:normal;font-weight:800;margin:0;text-transform:none;--fontSize:60;line-height:var(--awb-typography1-line-height);\">Veranda<\/h1><span class=\"awb-title-spacer\"><\/span><div class=\"title-sep-container title-sep-container-right\"><div class=\"title-sep sep- sep-solid\" style=\"border-color:var(--awb-color3);\"><\/div><\/div><\/div><div class=\"fusion-text fusion-text-1\" style=\"--awb-text-transform:none;--awb-text-color:rgba(0,0,102,0.54);--awb-margin-top:-18px;--awb-text-font-family:&quot;Montserrat&quot;;--awb-text-font-style:normal;--awb-text-font-weight:400;\"><p data-start=\"38\" data-end=\"244\">Veranden sind eine elegante und funktionale L\u00f6sung, um den Wohnraum zu erweitern und gleichzeitig maximales Tageslicht hereinzulassen. Sie erm\u00f6glichen die ganzj\u00e4hrige Nutzung von Terrasse oder Garten und bieten Schutz vor Witterungseinfl\u00fcssen.<\/p>\n<h3 data-start=\"246\" data-end=\"274\"><\/h3>\n<\/div><div class=\"fusion-separator\" style=\"align-self: flex-start;margin-right:auto;width:100%;max-width:50%;\"><div class=\"fusion-separator-border sep-single sep-solid\" style=\"--awb-height:20px;--awb-amount:20px;--awb-sep-color:var(--awb-color4);border-color:var(--awb-color4);border-top-width:1px;\"><\/div><\/div><ul style=\"--awb-size:15px;--awb-iconcolor:var(--awb-color4);--awb-textcolor:var(--awb-color2);--awb-line-height:25.5px;--awb-icon-width:25.5px;--awb-icon-height:25.5px;--awb-icon-margin:10.5px;--awb-content-margin:36px;--awb-circlecolor:#198fd9;--awb-circle-yes-font-size:13.2px;\" class=\"fusion-checklist fusion-checklist-1 fusion-checklist-default type-icons\"><li class=\"fusion-li-item\" style=\"\"><span class=\"icon-wrapper circle-yes\"><i class=\"fusion-li-icon awb-icon-check\" aria-hidden=\"true\"><\/i><\/span><div class=\"fusion-li-item-content\">\n<p>Sie erm\u00f6glichen die Nutzung des Raumes das ganze Jahr \u00fcber.<\/p>\n<\/div><\/li><li class=\"fusion-li-item\" style=\"\"><span class=\"icon-wrapper circle-yes\"><i class=\"fusion-li-icon awb-icon-check\" aria-hidden=\"true\"><\/i><\/span><div class=\"fusion-li-item-content\">\n<p>Maximale Durchdringung von nat\u00fcrlichem Licht<\/p>\n<\/div><\/li><li class=\"fusion-li-item\" style=\"\"><span class=\"icon-wrapper circle-yes\"><i class=\"fusion-li-icon awb-icon-check\" aria-hidden=\"true\"><\/i><\/span><div class=\"fusion-li-item-content\">\n<p>Das Geb\u00e4ude besticht durch ein modernes und luxuri\u00f6ses Erscheinungsbild.<\/p>\n<\/div><\/li><\/ul><div class=\"fusion-builder-row fusion-builder-row-inner fusion-row fusion-flex-align-items-stretch fusion-flex-content-wrap\" style=\"width:104% !important;max-width:104% !important;margin-left: calc(-4% \/ 2 );margin-right: calc(-4% \/ 2 );\"><div class=\"fusion-layout-column fusion_builder_column_inner fusion-builder-nested-column-0 fusion_builder_column_inner_1_2 1_2 fusion-flex-column fusion-no-small-visibility\" style=\"--awb-bg-size:cover;--awb-width-large:50%;--awb-margin-top-large:0px;--awb-spacing-right-large:3.84%;--awb-margin-bottom-large:20px;--awb-spacing-left-large:3.84%;--awb-width-medium:50%;--awb-order-medium:0;--awb-spacing-right-medium:3.84%;--awb-spacing-left-medium:3.84%;--awb-width-small:50%;--awb-order-small:0;--awb-spacing-right-small:3.84%;--awb-spacing-left-small:3.84%;\"><div class=\"fusion-column-wrapper fusion-column-has-shadow fusion-flex-justify-content-flex-start fusion-content-layout-column\"><div ><a class=\"fusion-button button-flat fusion-button-default-size button-custom fusion-button-default button-1 fusion-button-default-span fusion-button-default-type fusion-has-button-gradient\" style=\"--button_accent_color:var(--awb-color1);--button_accent_hover_color:var(--awb-color5);--button_border_hover_color:var(--awb-color5);--button_border_width-top:1px;--button_border_width-right:1px;--button_border_width-bottom:1px;--button_border_width-left:1px;--button-border-radius-top-left:100px;--button-border-radius-top-right:100px;--button-border-radius-bottom-right:100px;--button-border-radius-bottom-left:100px;--button_gradient_top_color:var(--awb-color5);--button_gradient_bottom_color:var(--awb-color5);--button_gradient_top_color_hover:rgba(25,143,217,0);--button_gradient_bottom_color_hover:rgba(0,124,194,0);--button_text_transform:none;--button_padding-top:15px;--button_padding-right:50px;--button_padding-bottom:15px;--button_padding-left:50px;--button_typography-font-family:&quot;Montserrat&quot;;--button_typography-font-style:normal;--button_typography-font-weight:600;--button_margin-top:30px;\" target=\"_self\" data-hover=\"text_slide_up\" href=\"#procitajvise\"><div class=\"awb-button-text-transition  awb-button__hover-content--centered\"><span class=\"fusion-button-text awb-button__text awb-button__text--default\">Weiterlesen \u2193<\/span><span class=\"fusion-button-text awb-button__text awb-button__text--default\">Weiterlesen \u2193<\/span><\/div><\/a><\/div><\/div><\/div><div class=\"fusion-layout-column fusion_builder_column_inner fusion-builder-nested-column-1 fusion_builder_column_inner_1_2 1_2 fusion-flex-column\" style=\"--awb-bg-size:cover;--awb-width-large:50%;--awb-margin-top-large:0px;--awb-spacing-right-large:3.84%;--awb-margin-bottom-large:20px;--awb-spacing-left-large:3.84%;--awb-width-medium:50%;--awb-order-medium:0;--awb-spacing-right-medium:3.84%;--awb-spacing-left-medium:3.84%;--awb-width-small:50%;--awb-order-small:0;--awb-spacing-right-small:3.84%;--awb-spacing-left-small:3.84%;\"><div class=\"fusion-column-wrapper fusion-column-has-shadow fusion-flex-justify-content-flex-start fusion-content-layout-column\"><div ><a class=\"fusion-button button-flat fusion-button-default-size button-custom fusion-button-default button-2 fusion-button-span-no fusion-button-default-type fusion-has-button-gradient\" style=\"--button_accent_color:var(--awb-color3);--button_border_color:var(--awb-color3);--button_accent_hover_color:var(--awb-color1);--button_border_hover_color:var(--awb-color5);--button_border_width-top:1px;--button_border_width-right:1px;--button_border_width-bottom:1px;--button_border_width-left:1px;--button-border-radius-top-left:100px;--button-border-radius-top-right:100px;--button-border-radius-bottom-right:100px;--button-border-radius-bottom-left:100px;--button_gradient_top_color:rgba(110,234,28,0);--button_gradient_bottom_color:rgba(16,147,40,0);--button_gradient_top_color_hover:#198fd9;--button_gradient_bottom_color_hover:#198fd9;--button_text_transform:none;--button_padding-top:15px;--button_padding-right:50px;--button_padding-bottom:15px;--button_padding-left:50px;--button_typography-font-family:&quot;Montserrat&quot;;--button_typography-font-style:normal;--button_typography-font-weight:600;--button_margin-top:30px;\" target=\"_self\" data-hover=\"text_slide_up\"><i class=\"fa-file-alt fas awb-button__icon awb-button__icon--default button-icon-left\" aria-hidden=\"true\"><\/i><div class=\"awb-button-text-transition\"><span class=\"fusion-button-text awb-button__text awb-button__text--default\">Reproduktionsmaterial<\/span><span class=\"fusion-button-text awb-button__text awb-button__text--default\">Reproduktionsmaterial<\/span><\/div><\/a><\/div><\/div><\/div><\/div><\/div><\/div><div class=\"fusion-layout-column fusion_builder_column fusion-builder-column-1 fusion_builder_column_1_2 1_2 fusion-flex-column fusion-flex-align-self-stretch fusion-animated\" style=\"--awb-padding-top:20px;--awb-padding-right:20px;--awb-padding-bottom:20px;--awb-padding-left:20px;--awb-overflow:hidden;--awb-bg-image:url(&#039;https:\/\/bosfor.ba\/wp-content\/uploads\/2026\/02\/veranda-bosfor-stil-1.jpg&#039;);--awb-bg-size:cover;--awb-border-radius:20px 20px 20px 20px;--awb-transform:scaleX(1) scaleY(1) translateX(0px) translateY(0px) rotate(0deg);--awb-transform-hover:scaleX(1.03) scaleY(1.03) translateX(11px) translateY(11px) rotate(2deg);--awb-filter:opacity(100%);--awb-filter-transition:filter 0.3s ease;--awb-filter-hover:opacity(88%);--awb-width-large:50%;--awb-margin-top-large:0px;--awb-spacing-right-large:3.84%;--awb-margin-bottom-large:20px;--awb-spacing-left-large:3.84%;--awb-width-medium:100%;--awb-order-medium:0;--awb-spacing-right-medium:1.92%;--awb-spacing-left-medium:1.92%;--awb-width-small:100%;--awb-order-small:0;--awb-spacing-right-small:1.92%;--awb-spacing-left-small:1.92%;\" data-animationtype=\"fadeInLeft\" data-animationduration=\"0.3\" data-animationoffset=\"top-into-view\"><div class=\"fusion-column-wrapper fusion-column-has-shadow fusion-flex-justify-content-flex-end fusion-content-layout-column fusion-column-has-bg-image\" data-bg-url=\"https:\/\/bosfor.ba\/wp-content\/uploads\/2026\/02\/veranda-bosfor-stil-1.jpg\"><div ><a class=\"fusion-button button-flat fusion-button-default-size button-custom fusion-button-default button-3 fusion-button-default-span fusion-button-default-type fusion-has-button-gradient\" style=\"--button_accent_color:var(--awb-color5);--button_border_color:var(--awb-color5);--button_accent_hover_color:var(--awb-color1);--button_border_hover_color:var(--awb-color1);--button-border-radius-top-left:100px;--button-border-radius-top-right:100px;--button-border-radius-bottom-right:100px;--button-border-radius-bottom-left:100px;--button_gradient_top_color:#ffffff;--button_gradient_bottom_color:var(--awb-color1);--button_gradient_top_color_hover:var(--awb-color5);--button_gradient_bottom_color_hover:var(--awb-color5);--button_text_transform:none;--button_typography-font-family:&quot;Montserrat&quot;;--button_typography-font-style:normal;--button_typography-font-weight:500;--button_margin-top:300px;--button_margin-left:25px;\" target=\"_self\"><span class=\"fusion-button-text awb-button__text awb-button__text--default\">Erh\u00e4ltlich in verschiedenen Gr\u00f6\u00dfen und Farben<\/span><\/a><\/div><\/div><\/div><\/div><\/div><div class=\"fusion-fullwidth fullwidth-box fusion-builder-row-2 fusion-flex-container has-pattern-background has-mask-background nonhundred-percent-fullwidth non-hundred-percent-height-scrolling\" style=\"--awb-border-radius-top-left:0px;--awb-border-radius-top-right:0px;--awb-border-radius-bottom-right:0px;--awb-border-radius-bottom-left:0px;--awb-flex-wrap:wrap;\" ><div class=\"fusion-builder-row fusion-row fusion-flex-align-items-stretch fusion-flex-content-wrap\" style=\"max-width:1216.8px;margin-left: calc(-4% \/ 2 );margin-right: calc(-4% \/ 2 );\"><div class=\"fusion-layout-column fusion_builder_column fusion-builder-column-2 fusion_builder_column_1_1 1_1 fusion-flex-column\" style=\"--awb-padding-top:35px;--awb-padding-right:35px;--awb-padding-bottom:35px;--awb-padding-left:35px;--awb-overflow:hidden;--awb-bg-color:rgba(25,143,217,0.16);--awb-bg-color-hover:rgba(25,143,217,0.16);--awb-bg-size:cover;--awb-border-radius:10px 10px 10px 10px;--awb-width-large:100%;--awb-margin-top-large:55px;--awb-spacing-right-large:1.92%;--awb-margin-bottom-large:20px;--awb-spacing-left-large:1.92%;--awb-width-medium:100%;--awb-order-medium:0;--awb-spacing-right-medium:1.92%;--awb-spacing-left-medium:1.92%;--awb-width-small:100%;--awb-order-small:0;--awb-spacing-right-small:1.92%;--awb-spacing-left-small:1.92%;\"><div class=\"fusion-column-wrapper fusion-column-has-shadow fusion-flex-justify-content-flex-start fusion-content-layout-column\"><div class=\"fusion-title title fusion-title-2 fusion-title-text fusion-title-size-one\" style=\"--awb-text-color:var(--awb-color3);--awb-font-size:25px;\"><div class=\"title-sep-container title-sep-container-left fusion-no-large-visibility fusion-no-medium-visibility fusion-no-small-visibility\"><div class=\"title-sep sep- sep-solid\" style=\"border-color:var(--awb-color3);\"><\/div><\/div><span class=\"awb-title-spacer fusion-no-large-visibility fusion-no-medium-visibility fusion-no-small-visibility\"><\/span><h1 class=\"fusion-title-heading title-heading-left fusion-responsive-typography-calculated\" style=\"font-family:&quot;Montserrat&quot;;font-style:normal;font-weight:700;margin:0;text-transform:none;font-size:1em;--fontSize:25;line-height:var(--awb-typography1-line-height);\">Erfahren Sie mehr \u00fcber Veranden.<\/h1><span class=\"awb-title-spacer\"><\/span><div class=\"title-sep-container title-sep-container-right\"><div class=\"title-sep sep- sep-solid\" style=\"border-color:var(--awb-color3);\"><\/div><\/div><\/div><div class=\"fusion-separator\" style=\"align-self: flex-start;margin-right:auto;margin-top:-15px;margin-bottom:10px;width:100%;max-width:50%;\"><div class=\"fusion-separator-border sep-single sep-solid\" style=\"--awb-height:20px;--awb-amount:20px;--awb-sep-color:var(--awb-color4);border-color:var(--awb-color4);border-top-width:1px;\"><\/div><\/div><div class=\"fusion-menu-anchor\" id=\"procitajvise\"><\/div><div class=\"fusion-text fusion-text-2\"><p data-start=\"275\" data-end=\"558\">Veranden sind eine moderne architektonische L\u00f6sung, mit der sich ein offener Raum in einen gesch\u00fctzten und funktionalen Wohnraum verwandeln l\u00e4sst. Sie bestehen aus hochwertigen Konstruktionen und Glasfl\u00e4chen, die Stabilit\u00e4t, Sicherheit und maximalen Lichteinfall gew\u00e4hrleisten.<\/p>\n<p data-start=\"560\" data-end=\"830\">Dieses System erm\u00f6glicht die ganzj\u00e4hrige Nutzung von Terrasse, Innenhof oder Catering-Garten unabh\u00e4ngig von den Wetterbedingungen. Veranden sch\u00fctzen vor Regen, Wind, Schnee und Staub und bewahren gleichzeitig ein offenes Raumgef\u00fchl und den Blick nach drau\u00dfen.<\/p>\n<p data-start=\"832\" data-end=\"1055\">Veranden erf\u00fcllen nicht nur eine funktionale Rolle, sondern tragen auch ma\u00dfgeblich zur \u00c4sthetik eines Geb\u00e4udes bei, indem sie der Fassade ein modernes und luxuri\u00f6ses Aussehen verleihen. Sie werden h\u00e4ufig in Einfamilienh\u00e4usern, Restaurants, Caf\u00e9s und Hotels eingesetzt, wo eine Kombination aus Komfort und Design wichtig ist.<\/p>\n<p data-start=\"1057\" data-end=\"1230\">Veranden sind die ideale Wahl f\u00fcr alle, die die Nutzbarkeit des Raumes erh\u00f6hen, den Wohnkomfort verbessern und den Wert einer Immobilie mit einer langlebigen und \u00e4sthetisch ansprechenden L\u00f6sung steigern m\u00f6chten.<\/p>\n<\/div><\/div><\/div><\/div><\/div><div class=\"fusion-fullwidth fullwidth-box fusion-builder-row-3 fusion-flex-container has-pattern-background has-mask-background nonhundred-percent-fullwidth non-hundred-percent-height-scrolling\" style=\"--awb-border-radius-top-left:0px;--awb-border-radius-top-right:0px;--awb-border-radius-bottom-right:0px;--awb-border-radius-bottom-left:0px;--awb-flex-wrap:wrap;\" ><div class=\"fusion-builder-row fusion-row fusion-flex-align-items-flex-start fusion-flex-content-wrap\" style=\"max-width:1216.8px;margin-left: calc(-4% \/ 2 );margin-right: calc(-4% \/ 2 );\"><div class=\"fusion-layout-column fusion_builder_column fusion-builder-column-3 fusion_builder_column_1_1 1_1 fusion-flex-column\" style=\"--awb-bg-size:cover;--awb-width-large:100%;--awb-margin-top-large:72px;--awb-spacing-right-large:1.92%;--awb-margin-bottom-large:20px;--awb-spacing-left-large:1.92%;--awb-width-medium:100%;--awb-order-medium:0;--awb-spacing-right-medium:1.92%;--awb-spacing-left-medium:1.92%;--awb-width-small:100%;--awb-order-small:0;--awb-spacing-right-small:1.92%;--awb-spacing-left-small:1.92%;\"><div class=\"fusion-column-wrapper fusion-column-has-shadow fusion-flex-justify-content-flex-start fusion-content-layout-column\"><div class=\"fusion-title title fusion-title-3 fusion-title-text fusion-title-size-one\" style=\"--awb-text-color:var(--awb-color3);--awb-font-size:40px;\"><div class=\"title-sep-container title-sep-container-left fusion-no-large-visibility fusion-no-medium-visibility fusion-no-small-visibility\"><div class=\"title-sep sep- sep-solid\" style=\"border-color:var(--awb-color3);\"><\/div><\/div><span class=\"awb-title-spacer fusion-no-large-visibility fusion-no-medium-visibility fusion-no-small-visibility\"><\/span><h1 class=\"fusion-title-heading title-heading-left fusion-responsive-typography-calculated\" style=\"font-family:&quot;Montserrat&quot;;font-style:normal;font-weight:700;margin:0;text-transform:none;font-size:1em;--fontSize:40;line-height:var(--awb-typography1-line-height);\">Fotogalerie<\/h1><span class=\"awb-title-spacer\"><\/span><div class=\"title-sep-container title-sep-container-right\"><div class=\"title-sep sep- sep-solid\" style=\"border-color:var(--awb-color3);\"><\/div><\/div><\/div><div class=\"fusion-text fusion-text-3\" style=\"--awb-margin-top:-20px;\"><p>Lassen Sie sich in unserer Galerie inspirieren und entdecken Sie, wie Veranden<strong>\u00a0Bosfor Stila<\/strong> Sie versch\u00f6nern jeden Raum.<\/p>\n<\/div><div class=\"fusion-image-carousel fusion-image-carousel-auto fusion-image-carousel-1 lightbox-enabled\"><div class=\"awb-carousel awb-swiper awb-swiper-carousel awb-carousel--carousel awb-swiper-dots-position-bottom\" data-layout=\"carousel\" data-autoplay=\"no\" data-autoplayspeed=\"2500\" data-autoplaypause=\"no\" data-columns=\"5\" data-columnsmedium=\"1\" data-columnssmall=\"1\" data-itemmargin=\"13\" data-itemwidth=\"180\" data-touchscroll=\"no\" data-freemode=\"no\" data-imagesize=\"auto\" data-scrollitems=\"1\" data-centeredslides=\"yes\" data-rotationangle=\"50\" data-depth=\"100\" data-speed=\"500\" data-shadow=\"no\" data-pagination=\"bullets\" style=\"--awb-border-radius-top-left:10px;--awb-border-radius-top-right:10px;--awb-border-radius-bottom-right:10px;--awb-border-radius-bottom-left:10px;--awb-arrow-size:15px;--awb-arrow-box-width:48px;--awb-arrow-box-height:48px;--awb-arrow-bgcolor:#ffffff;--awb-arrow-color:#009bef;--awb-dots-align:center;\"><div class=\"swiper-wrapper awb-image-carousel-wrapper fusion-flex-align-items-center\"><div class=\"swiper-slide\"><div class=\"fusion-carousel-item-wrapper\"><div class=\"fusion-image-wrapper hover-type-none\"><a data-rel=\"iLightbox[image_carousel_1]\" data-title=\"veranda\" aria-label=\"Veranda\" href=\"https:\/\/bosfor.ba\/wp-content\/uploads\/2026\/02\/veranda-1.jpg\" target=\"_self\"><img decoding=\"async\" width=\"923\" height=\"522\" src=\"https:\/\/bosfor.ba\/wp-content\/uploads\/2026\/02\/veranda-1.jpg\" class=\"attachment-full size-full\" alt=\"\" srcset=\"https:\/\/bosfor.ba\/wp-content\/uploads\/2026\/02\/veranda-1-800x452.jpg 800w, https:\/\/bosfor.ba\/wp-content\/uploads\/2026\/02\/veranda-1.jpg 923w\" sizes=\"(min-width: 2200px) 100vw, (min-width: 1007px) 224px, (min-width: 915px) 280px, (min-width: 824px) 373px, (min-width: 732px) 559px, (min-width: 640px) 732px, \" \/><\/a><\/div><\/div><\/div><div class=\"swiper-slide\"><div class=\"fusion-carousel-item-wrapper\"><div class=\"fusion-image-wrapper hover-type-none\"><a data-rel=\"iLightbox[image_carousel_1]\" data-title=\"bosfor stil veranda\" aria-label=\"Veranda im Bosporus-Stil\" href=\"https:\/\/bosfor.ba\/wp-content\/uploads\/2026\/02\/bosfor-stil-veranda-1.jpg\" target=\"_self\"><img decoding=\"async\" width=\"1080\" height=\"1350\" src=\"https:\/\/bosfor.ba\/wp-content\/uploads\/2026\/02\/bosfor-stil-veranda-1.jpg\" class=\"attachment-full size-full\" alt=\"\" srcset=\"https:\/\/bosfor.ba\/wp-content\/uploads\/2026\/02\/bosfor-stil-veranda-1-800x1000.jpg 800w, https:\/\/bosfor.ba\/wp-content\/uploads\/2026\/02\/bosfor-stil-veranda-1.jpg 1080w\" sizes=\"(min-width: 2200px) 100vw, (min-width: 1007px) 224px, (min-width: 915px) 280px, (min-width: 824px) 373px, (min-width: 732px) 559px, (min-width: 640px) 732px, \" \/><\/a><\/div><\/div><\/div><div class=\"swiper-slide\"><div class=\"fusion-carousel-item-wrapper\"><div class=\"fusion-image-wrapper hover-type-none\"><a data-rel=\"iLightbox[image_carousel_1]\" data-title=\"verande\" aria-label=\"Veranden\" href=\"https:\/\/bosfor.ba\/wp-content\/uploads\/2026\/02\/verande.jpg\" target=\"_self\"><img decoding=\"async\" width=\"1080\" height=\"1350\" src=\"https:\/\/bosfor.ba\/wp-content\/uploads\/2026\/02\/verande.jpg\" class=\"attachment-full size-full\" alt=\"\" srcset=\"https:\/\/bosfor.ba\/wp-content\/uploads\/2026\/02\/verande-800x1000.jpg 800w, https:\/\/bosfor.ba\/wp-content\/uploads\/2026\/02\/verande.jpg 1080w\" sizes=\"(min-width: 2200px) 100vw, (min-width: 1007px) 224px, (min-width: 915px) 280px, (min-width: 824px) 373px, (min-width: 732px) 559px, (min-width: 640px) 732px, \" \/><\/a><\/div><\/div><\/div><div class=\"swiper-slide\"><div class=\"fusion-carousel-item-wrapper\"><div class=\"fusion-image-wrapper hover-type-none\"><a data-rel=\"iLightbox[image_carousel_1]\" data-title=\"verande bosfor stil\" aria-label=\"Veranden im Bosporus-Stil\" href=\"https:\/\/bosfor.ba\/wp-content\/uploads\/2026\/02\/verande-bosfor-stil.jpg\" target=\"_self\"><img decoding=\"async\" width=\"1080\" height=\"1350\" src=\"https:\/\/bosfor.ba\/wp-content\/uploads\/2026\/02\/verande-bosfor-stil.jpg\" class=\"attachment-full size-full\" alt=\"\" srcset=\"https:\/\/bosfor.ba\/wp-content\/uploads\/2026\/02\/verande-bosfor-stil-800x1000.jpg 800w, https:\/\/bosfor.ba\/wp-content\/uploads\/2026\/02\/verande-bosfor-stil.jpg 1080w\" sizes=\"(min-width: 2200px) 100vw, (min-width: 1007px) 224px, (min-width: 915px) 280px, (min-width: 824px) 373px, (min-width: 732px) 559px, (min-width: 640px) 732px, \" \/><\/a><\/div><\/div><\/div><div class=\"swiper-slide\"><div class=\"fusion-carousel-item-wrapper\"><div class=\"fusion-image-wrapper hover-type-none\"><a data-rel=\"iLightbox[image_carousel_1]\" data-title=\"veranda\" aria-label=\"Veranda\" href=\"https:\/\/bosfor.ba\/wp-content\/uploads\/2026\/02\/veranda.jpg\" target=\"_self\"><img decoding=\"async\" width=\"1080\" height=\"1350\" src=\"https:\/\/bosfor.ba\/wp-content\/uploads\/2026\/02\/veranda.jpg\" class=\"attachment-full size-full\" alt=\"\" srcset=\"https:\/\/bosfor.ba\/wp-content\/uploads\/2026\/02\/veranda-800x1000.jpg 800w, https:\/\/bosfor.ba\/wp-content\/uploads\/2026\/02\/veranda.jpg 1080w\" sizes=\"(min-width: 2200px) 100vw, (min-width: 1007px) 224px, (min-width: 915px) 280px, (min-width: 824px) 373px, (min-width: 732px) 559px, (min-width: 640px) 732px, \" \/><\/a><\/div><\/div><\/div><div class=\"swiper-slide\"><div class=\"fusion-carousel-item-wrapper\"><div class=\"fusion-image-wrapper hover-type-none\"><a data-rel=\"iLightbox[image_carousel_1]\" data-title=\"veranda bosfor stil\" aria-label=\"Veranda im Bosporus-Stil\" href=\"https:\/\/bosfor.ba\/wp-content\/uploads\/2026\/02\/veranda-bosfor-stil.jpg\" target=\"_self\"><img decoding=\"async\" width=\"1080\" height=\"1350\" src=\"https:\/\/bosfor.ba\/wp-content\/uploads\/2026\/02\/veranda-bosfor-stil.jpg\" class=\"attachment-full size-full\" alt=\"\" srcset=\"https:\/\/bosfor.ba\/wp-content\/uploads\/2026\/02\/veranda-bosfor-stil-800x1000.jpg 800w, https:\/\/bosfor.ba\/wp-content\/uploads\/2026\/02\/veranda-bosfor-stil.jpg 1080w\" sizes=\"(min-width: 2200px) 100vw, (min-width: 1007px) 224px, (min-width: 915px) 280px, (min-width: 824px) 373px, (min-width: 732px) 559px, (min-width: 640px) 732px, \" \/><\/a><\/div><\/div><\/div><div class=\"swiper-slide\"><div class=\"fusion-carousel-item-wrapper\"><div class=\"fusion-image-wrapper hover-type-none\"><a data-rel=\"iLightbox[image_carousel_1]\" data-title=\"bosfor stil verande\" aria-label=\"Veranda im Bosporus-Stil\" href=\"https:\/\/bosfor.ba\/wp-content\/uploads\/2026\/02\/bosfor-stil-verande.jpg\" target=\"_self\"><img decoding=\"async\" width=\"1080\" height=\"1350\" src=\"https:\/\/bosfor.ba\/wp-content\/uploads\/2026\/02\/bosfor-stil-verande.jpg\" class=\"attachment-full size-full\" alt=\"\" srcset=\"https:\/\/bosfor.ba\/wp-content\/uploads\/2026\/02\/bosfor-stil-verande-800x1000.jpg 800w, https:\/\/bosfor.ba\/wp-content\/uploads\/2026\/02\/bosfor-stil-verande.jpg 1080w\" sizes=\"(min-width: 2200px) 100vw, (min-width: 1007px) 224px, (min-width: 915px) 280px, (min-width: 824px) 373px, (min-width: 732px) 559px, (min-width: 640px) 732px, \" \/><\/a><\/div><\/div><\/div><\/div><div class=\"awb-swiper-button awb-swiper-button-prev\"><i class=\"fa-angle-left fas\" aria-hidden=\"true\"><\/i><\/div><div class=\"awb-swiper-button awb-swiper-button-next\"><i class=\"fa-angle-right fas\" aria-hidden=\"true\"><\/i><\/div><\/div><\/div><\/div><\/div><\/div><\/div><\/p>","protected":false},"excerpt":{"rendered":"","protected":false},"author":2,"featured_media":6479,"parent":0,"menu_order":0,"comment_status":"closed","ping_status":"closed","template":"100-width.php","meta":{"footnotes":""},"class_list":["post-6470","page","type-page","status-publish","has-post-thumbnail","hentry"],"_links":{"self":[{"href":"https:\/\/bosfor.ba\/de\/wp-json\/wp\/v2\/pages\/6470","targetHints":{"allow":["GET"]}}],"collection":[{"href":"https:\/\/bosfor.ba\/de\/wp-json\/wp\/v2\/pages"}],"about":[{"href":"https:\/\/bosfor.ba\/de\/wp-json\/wp\/v2\/types\/page"}],"author":[{"embeddable":true,"href":"https:\/\/bosfor.ba\/de\/wp-json\/wp\/v2\/users\/2"}],"replies":[{"embeddable":true,"href":"https:\/\/bosfor.ba\/de\/wp-json\/wp\/v2\/comments?post=6470"}],"version-history":[{"count":5,"href":"https:\/\/bosfor.ba\/de\/wp-json\/wp\/v2\/pages\/6470\/revisions"}],"predecessor-version":[{"id":7286,"href":"https:\/\/bosfor.ba\/de\/wp-json\/wp\/v2\/pages\/6470\/revisions\/7286"}],"wp:featuredmedia":[{"embeddable":true,"href":"https:\/\/bosfor.ba\/de\/wp-json\/wp\/v2\/media\/6479"}],"wp:attachment":[{"href":"https:\/\/bosfor.ba\/de\/wp-json\/wp\/v2\/media?parent=6470"}],"curies":[{"name":"wp","href":"https:\/\/api.w.org\/{rel}","templated":true}]}}